{"id":10,"date":"2022-03-23T15:23:46","date_gmt":"2022-03-23T15:23:46","guid":{"rendered":"http:\/\/30-jahre-dra.org\/?page_id=10"},"modified":"2022-03-28T12:05:56","modified_gmt":"2022-03-28T10:05:56","slug":"kontakt","status":"publish","type":"page","link":"http:\/\/30-jahre-dra.org\/?page_id=10","title":{"rendered":"Impressum"},"content":{"rendered":"\n<p><\/p>\n\n\n\n<hr class=\"wp-block-separator\"\/>\n\n\n\n<p>DRA e.V. Badstra\u00dfe 44 D-13357 Berlin<\/p>\n\n\n\n<p>Tel. +49 (0)30 446 680 0<br>Fax. +49 (0)30 446 680 10<br>E-Mail: <a href=\"mailto:info@austausch.org\">info@austausch.org<\/a><\/p>\n\n\n\n<hr class=\"wp-block-separator\"\/>\n\n\n\n<p>Spendenkonto des DRA:<\/p>\n\n\n\n<p>Deutsch-Russischer Austausch e.V.<br>Verwendungszweck: <strong>Spende<\/strong><br>Bank f\u00fcr Sozialwirtschaft<br>IBAN-Nr.: DE83 1002 0500 0003 3181 00<br>BIC\/Swift Code: BFSWDE33BER<\/p>\n\n\n\n<hr class=\"wp-block-separator\"\/>\n\n\n\n<p>Vertretungsberechtigter Vorstand: Kathrin Hartmann, Stephan Malerius<br>Gesch\u00e4ftsf\u00fchrung: Stefan Melle<br><br>Registergericht: Amtsgericht Charlottenburg<br>Registernummer: VR12005<br><br>ViSdP: Gesch\u00e4ftsf\u00fchrung<\/p>\n","protected":false},"excerpt":{"rendered":"<p>DRA e.V. Badstra\u00dfe 44 D-13357 Berlin Tel. +49 (0)30 446 680 0Fax. +49 (0)30 446 680 10E-Mail: info@austausch.org Spendenkonto des DRA: Deutsch-Russischer Austausch e.V.Verwendungszweck: SpendeBank f\u00fcr SozialwirtschaftIBAN-Nr.: DE83 1002 0500 0003 3181 00BIC\/Swift Code: BFSWDE33BER Vertretungsberechtigter Vorstand: Kathrin Hartmann, Stephan MaleriusGesch\u00e4ftsf\u00fchrung: Stefan Melle Registergericht: Amtsgericht CharlottenburgRegisternummer: VR12005 ViSdP: Gesch\u00e4ftsf\u00fchrung<\/p>\n","protected":false},"author":1,"featured_media":0,"parent":0,"menu_order":0,"comment_status":"closed","ping_status":"closed","template":"","meta":{"footnotes":""},"class_list":["post-10","page","type-page","status-publish","hentry"],"_links":{"self":[{"href":"http:\/\/30-jahre-dra.org\/index.php?rest_route=\/wp\/v2\/pages\/10","targetHints":{"allow":["GET"]}}],"collection":[{"href":"http:\/\/30-jahre-dra.org\/index.php?rest_route=\/wp\/v2\/pages"}],"about":[{"href":"http:\/\/30-jahre-dra.org\/index.php?rest_route=\/wp\/v2\/types\/page"}],"author":[{"embeddable":true,"href":"http:\/\/30-jahre-dra.org\/index.php?rest_route=\/wp\/v2\/users\/1"}],"replies":[{"embeddable":true,"href":"http:\/\/30-jahre-dra.org\/index.php?rest_route=%2Fwp%2Fv2%2Fcomments&post=10"}],"version-history":[{"count":2,"href":"http:\/\/30-jahre-dra.org\/index.php?rest_route=\/wp\/v2\/pages\/10\/revisions"}],"predecessor-version":[{"id":169,"href":"http:\/\/30-jahre-dra.org\/index.php?rest_route=\/wp\/v2\/pages\/10\/revisions\/169"}],"wp:attachment":[{"href":"http:\/\/30-jahre-dra.org\/index.php?rest_route=%2Fwp%2Fv2%2Fmedia&parent=10"}],"curies":[{"name":"wp","href":"https:\/\/api.w.org\/{rel}","templated":true}]}}